{"id":6103,"date":"2026-01-19T10:18:45","date_gmt":"2026-01-19T10:18:45","guid":{"rendered":"https:\/\/mikidura.com\/?page_id=6103"},"modified":"2026-01-22T09:17:05","modified_gmt":"2026-01-22T09:17:05","slug":"politica-de-privacidad","status":"publish","type":"page","link":"https:\/\/mikidura.com\/en\/politica-de-privacidad\/","title":{"rendered":"Privacy policy"},"content":{"rendered":"<div data-elementor-type=\"wp-page\" data-elementor-id=\"6103\" class=\"elementor elementor-6103\" data-elementor-settings=\"{&quot;ha_cmc_init_switcher&quot;:&quot;no&quot;}\" data-elementor-post-type=\"page\">\n\t\t\t\t<div class=\"elementor-element elementor-element-218ccbe e-flex e-con-boxed e-con e-parent\" data-id=\"218ccbe\" data-element_type=\"container\" data-settings=\"{&quot;background_background&quot;:&quot;classic&quot;,&quot;_ha_eqh_enable&quot;:false}\">\n\t\t\t\t\t<div class=\"e-con-inner\">\n\t\t\t\t<div class=\"elementor-element elementor-element-f9b52cc elementor-widget elementor-widget-heading\" data-id=\"f9b52cc\" data-element_type=\"widget\" data-widget_type=\"heading.default\">\n\t\t\t\t<div class=\"elementor-widget-container\">\n\t\t\t\t\t<h2 class=\"elementor-heading-title elementor-size-default\">PRIVACY POLICY<\/h2>\t\t\t\t<\/div>\n\t\t\t\t<\/div>\n\t\t\t\t\t<\/div>\n\t\t\t\t<\/div>\n\t\t<div class=\"elementor-element elementor-element-4ca2d65 e-flex e-con-boxed e-con e-parent\" data-id=\"4ca2d65\" data-element_type=\"container\" data-settings=\"{&quot;_ha_eqh_enable&quot;:false}\">\n\t\t\t\t\t<div class=\"e-con-inner\">\n\t\t\t\t<div class=\"elementor-element elementor-element-823a97f elementor-widget elementor-widget-text-editor\" data-id=\"823a97f\" data-element_type=\"widget\" data-widget_type=\"text-editor.default\">\n\t\t\t\t<div class=\"elementor-widget-container\">\n\t\t\t\t\t\t\t\t\t<h3 data-path-to-node=\"5\">1. Data Controller<\/h3><p data-path-to-node=\"6\">Who is responsible for your data?<\/p><ul data-path-to-node=\"7\"><li><p data-path-to-node=\"7,0,0\"><b data-path-to-node=\"7,0,0\" data-index-in-node=\"0\">Identity:<\/b> Miki Dur\u00e0.<\/p><\/li><li><p data-path-to-node=\"7,1,0\" class=\"translation-block\"><b data-path-to-node=\"7,1,0\" data-index-in-node=\"0\">Address:<\/b> 46600, Alzira (Valencia), Spain.<\/p><\/li><li><p data-path-to-node=\"7,2,0\"><b data-path-to-node=\"7,2,0\" data-index-in-node=\"0\">Email:<\/b> mduracult@gmail.com<\/p><\/li><li><p data-path-to-node=\"7,3,0\"><b data-path-to-node=\"7,3,0\" data-index-in-node=\"0\">Website:<\/b> <a class=\"ng-star-inserted\" href=\"https:\/\/mikidura.com\/en\/\" target=\"_blank\" rel=\"noopener\" data-hveid=\"0\" data-ved=\"0CAAQ_4QMahgKEwjN8aeBi5eSAxUAAAAAHQAAAAAQvgY\">https:\/\/mikidura.com<\/a><\/p><\/li><\/ul><h3 data-path-to-node=\"8\">2. What personal data do we collect and what do we use it for?<\/h3><p data-path-to-node=\"9\" class=\"translation-block\">There are <b data-path-to-node=\"9\" data-index-in-node=\"18\">no contact forms<\/b> on this website. The collection of personal data occurs solely and exclusively when you, as a user, decide to voluntarily contact us through the email links or the WhatsApp button available on the website.<\/p><p data-path-to-node=\"10\">The purposes of the processing are:<\/p><ol start=\"1\" data-path-to-node=\"11\"><li><p data-path-to-node=\"11,0,0\" class=\"translation-block\"><b data-path-to-node=\"11,0,0\" data-index-in-node=\"0\">Handling queries:<\/b> To manage, attend to, and respond to requests for information, questions, or professional collaboration proposals that you send us via email (<code data-path-to-node=\"11,0,0\" data-index-in-node=\"186\">mduracult@gmail.com<\/code>) or WhatsApp.<\/p><\/li><li><p data-path-to-node=\"11,1,0\" class=\"translation-block\"><b data-path-to-node=\"11,1,0\" data-index-in-node=\"0\">Provision of services:<\/b> In the event that you hire our audiovisual services, we will use your data for the administrative, fiscal, and accounting management of the professional relationship.<\/p><\/li><\/ol><p data-path-to-node=\"12\" class=\"translation-block\"><b data-path-to-node=\"12\" data-index-in-node=\"0\">Category of data:<\/b> The data we process are only the identifying data (name, email, phone number) that you provide to us yourself when writing to us. We do not process specially protected data.<\/p><h3 data-path-to-node=\"13\">3. Legal Basis<\/h3><p data-path-to-node=\"14\" class=\"translation-block\">Why can we process your data? The legal basis for the processing of your data is the <b data-path-to-node=\"14\" data-index-in-node=\"88\">consent of the interested party<\/b>.<\/p><p data-path-to-node=\"15\">By proactively sending us an email or writing to us via WhatsApp requesting information, you are giving your express and unequivocal consent for Miki Dur\u00e0 to process your data for the sole purpose of responding to your query.<\/p><h3 data-path-to-node=\"16\">4. How long will we keep your data?<\/h3><p data-path-to-node=\"17\"><span class=\"citation-37 citation-end-37\">The personal data provided will be kept as long as the commercial or professional relationship is maintained, or for the years necessary to comply with legal obligations (for example, regarding tax matters if we were to invoice any service).<\/span><\/p><div class=\"source-inline-chip-container ng-star-inserted\">\u00a0<\/div><p data-path-to-node=\"18\">If the query does not lead to a hiring, the data will be deleted once the doubt or request for information has been resolved.<\/p><h3 data-path-to-node=\"19\">5. Recipients<\/h3><p data-path-to-node=\"20\" class=\"translation-block\">To whom is your data communicated? Your data <b data-path-to-node=\"20\" data-index-in-node=\"43\">will not be transferred to third parties<\/b>, except under legal obligation (such as to the Tax Administration in the case of invoicing).<\/p><p data-path-to-node=\"21\">However, to provide our services, we use technology providers who may have access to data, always acting under our strict privacy standards:<\/p><ul data-path-to-node=\"22\"><li><p data-path-to-node=\"22,0,0\" class=\"translation-block\"><b data-path-to-node=\"22,0,0\" data-index-in-node=\"0\">Hosting and Email:<\/b> Web hosting and email service providers (located in the EU or under secure privacy agreements).<\/p><\/li><li><p data-path-to-node=\"22,1,0\" class=\"translation-block\"><b data-path-to-node=\"22,1,0\" data-index-in-node=\"0\">WhatsApp:<\/b> Al utilizar el bot\u00f3n de contacto de WhatsApp, debes saber que este servicio es propiedad de Meta Platforms, Inc. El uso de esta herramienta implica la aceptaci\u00f3n de sus propias pol\u00edticas de privacidad.<\/p><\/li><li class=\"translation-block\"><b data-path-to-node=\"4,0,0,0\" data-index-in-node=\"0\">Third-Party Content (Google Reviews):<\/b> To display our customers' reviews, this website loads profile images directly from Google's servers (<code data-path-to-node=\"4,0,0,0\" data-index-in-node=\"170\">googleusercontent.com<\/code>). This involves a necessary technical communication where Google may process your IP address to serve the image. These images are not used for advertising tracking on our part.<\/li><\/ul><h3 data-path-to-node=\"23\">6. User Rights<\/h3><p data-path-to-node=\"24\">As a user, you have the right to exercise your data protection rights at any time:<\/p><ul data-path-to-node=\"25\"><li><p data-path-to-node=\"25,0,0\" class=\"translation-block\"><b data-path-to-node=\"25,0,0\" data-index-in-node=\"0\">Access:<\/b> To know if we are processing your data.<\/p><\/li><li><p data-path-to-node=\"25,1,0\" class=\"translation-block\"><b data-path-to-node=\"25,1,0\" data-index-in-node=\"0\">Rectification:<\/b> To correct inaccurate data.<\/p><\/li><li><p data-path-to-node=\"25,2,0\" class=\"translation-block\"><b data-path-to-node=\"25,2,0\" data-index-in-node=\"0\">Deletion:<\/b> To ask us to delete your data when they are no longer necessary.<\/p><\/li><li><p data-path-to-node=\"25,3,0\" class=\"translation-block\"><b data-path-to-node=\"25,3,0\" data-index-in-node=\"0\">Limitation:<\/b> To mark your data so that we do not use them temporarily.<\/p><\/li><li><p data-path-to-node=\"25,4,0\" class=\"translation-block\"><b data-path-to-node=\"25,4,0\" data-index-in-node=\"0\">Objection:<\/b> To object to us processing your data.<\/p><\/li><\/ul><p data-path-to-node=\"26\" class=\"translation-block\">To exercise these rights, you just have to send an email to <b data-path-to-node=\"26\" data-index-in-node=\"76\">mduracult@gmail.com<\/b> indicating \"DATA PROTECTION\" in the subject line and specifying which right you wish to exercise.<\/p><h3 data-path-to-node=\"27\">7. Data Security<\/h3><p data-path-to-node=\"28\">Miki Dur\u00e0 is committed to the use and processing of the personal data included by users, respecting their confidentiality and using them in accordance with the purpose thereof, as well as to comply with his obligation to save them and adapt all measures to avoid alteration, loss, treatment, or unauthorized access, in accordance with the provisions of current data protection regulations.<\/p>\t\t\t\t\t\t\t\t<\/div>\n\t\t\t\t<\/div>\n\t\t\t\t\t<\/div>\n\t\t\t\t<\/div>\n\t\t\t\t<\/div>","protected":false},"excerpt":{"rendered":"<p>POL\u00cdTICA DE PRIVACIDAD 1. Responsable del Tratamiento \u00bfQui\u00e9n es el responsable de tus datos? Identidad: Miki Dur\u00e0. Direcci\u00f3n: 46600, Alzira (Valencia), Espa\u00f1a. Correo electr\u00f3nico: mduracult@gmail.com Sitio Web: https:\/\/mikidura.com 2. \u00bfQu\u00e9 datos personales recabamos y para qu\u00e9 los utilizamos? En este sitio web no existen formularios de contacto. La recogida de datos personales se produce \u00fanica [&hellip;]<\/p>","protected":false},"author":1,"featured_media":0,"parent":0,"menu_order":0,"comment_status":"closed","ping_status":"closed","template":"elementor_header_footer","meta":{"footnotes":""},"folder":[],"class_list":["post-6103","page","type-page","status-publish","hentry"],"_links":{"self":[{"href":"https:\/\/mikidura.com\/en\/wp-json\/wp\/v2\/pages\/6103","targetHints":{"allow":["GET"]}}],"collection":[{"href":"https:\/\/mikidura.com\/en\/wp-json\/wp\/v2\/pages"}],"about":[{"href":"https:\/\/mikidura.com\/en\/wp-json\/wp\/v2\/types\/page"}],"author":[{"embeddable":true,"href":"https:\/\/mikidura.com\/en\/wp-json\/wp\/v2\/users\/1"}],"replies":[{"embeddable":true,"href":"https:\/\/mikidura.com\/en\/wp-json\/wp\/v2\/comments?post=6103"}],"version-history":[{"count":10,"href":"https:\/\/mikidura.com\/en\/wp-json\/wp\/v2\/pages\/6103\/revisions"}],"predecessor-version":[{"id":6226,"href":"https:\/\/mikidura.com\/en\/wp-json\/wp\/v2\/pages\/6103\/revisions\/6226"}],"wp:attachment":[{"href":"https:\/\/mikidura.com\/en\/wp-json\/wp\/v2\/media?parent=6103"}],"wp:term":[{"taxonomy":"folder","embeddable":true,"href":"https:\/\/mikidura.com\/en\/wp-json\/wp\/v2\/folder?post=6103"}],"curies":[{"name":"wp","href":"https:\/\/api.w.org\/{rel}","templated":true}]}}