{"id":6096,"date":"2026-01-19T10:02:22","date_gmt":"2026-01-19T10:02:22","guid":{"rendered":"https:\/\/mikidura.com\/?page_id=6096"},"modified":"2026-01-22T09:16:55","modified_gmt":"2026-01-22T09:16:55","slug":"aviso-legal","status":"publish","type":"page","link":"https:\/\/mikidura.com\/en\/aviso-legal\/","title":{"rendered":"Legal notice and terms of use"},"content":{"rendered":"<div data-elementor-type=\"wp-page\" data-elementor-id=\"6096\" class=\"elementor elementor-6096\" data-elementor-settings=\"{&quot;ha_cmc_init_switcher&quot;:&quot;no&quot;}\" data-elementor-post-type=\"page\">\n\t\t\t\t<div class=\"elementor-element elementor-element-3b84d2e e-flex e-con-boxed e-con e-parent\" data-id=\"3b84d2e\" data-element_type=\"container\" data-settings=\"{&quot;background_background&quot;:&quot;classic&quot;,&quot;_ha_eqh_enable&quot;:false}\">\n\t\t\t\t\t<div class=\"e-con-inner\">\n\t\t\t\t<div class=\"elementor-element elementor-element-dbda1cf elementor-widget elementor-widget-heading\" data-id=\"dbda1cf\" data-element_type=\"widget\" data-widget_type=\"heading.default\">\n\t\t\t\t<div class=\"elementor-widget-container\">\n\t\t\t\t\t<h2 class=\"elementor-heading-title elementor-size-default\">LEGAL NOTICE AND TERMS OF USE<\/h2>\t\t\t\t<\/div>\n\t\t\t\t<\/div>\n\t\t\t\t\t<\/div>\n\t\t\t\t<\/div>\n\t\t<div class=\"elementor-element elementor-element-ebc8e95 e-flex e-con-boxed e-con e-parent\" data-id=\"ebc8e95\" data-element_type=\"container\" data-settings=\"{&quot;_ha_eqh_enable&quot;:false}\">\n\t\t\t\t\t<div class=\"e-con-inner\">\n\t\t\t\t<div class=\"elementor-element elementor-element-a3d8082 elementor-widget elementor-widget-text-editor\" data-id=\"a3d8082\" data-element_type=\"widget\" data-widget_type=\"text-editor.default\">\n\t\t\t\t<div class=\"elementor-widget-container\">\n\t\t\t\t\t\t\t\t\t<h3 data-path-to-node=\"4\">1. Identifying Data<\/h3><p data-path-to-node=\"5\">In compliance with the duty of information set forth in Article 10 of Law 34\/2002, of July 11, on Information Society Services and Electronic Commerce (LSSI-CE), the following data of the website owner is reflected below:<\/p><ul data-path-to-node=\"6\"><li><p data-path-to-node=\"6,0,0\"><b data-path-to-node=\"6,0,0\" data-index-in-node=\"0\">Owner:<\/b> Miki Dur\u00e0 (en adelante, \u00abel Prestador\u00bb).<\/p><\/li><li><p data-path-to-node=\"6,1,0\"><b data-path-to-node=\"6,1,0\" data-index-in-node=\"0\">Address:<\/b> 46600, Alzira (Valencia), Espa\u00f1a.<\/p><\/li><li><p data-path-to-node=\"6,3,0\"><b data-path-to-node=\"6,3,0\" data-index-in-node=\"0\">Email:<\/b> mduracult@gmail.com<\/p><\/li><li><p data-path-to-node=\"6,4,0\"><b data-path-to-node=\"6,4,0\" data-index-in-node=\"0\">Website:<\/b> <a class=\"ng-star-inserted\" href=\"https:\/\/mikidura.com\/en\/\" target=\"_blank\" rel=\"noopener\" data-hveid=\"0\" data-ved=\"0CAAQ_4QMahgKEwjN8aeBi5eSAxUAAAAAHQAAAAAQ4gU\">https:\/\/mikidura.com<\/a><\/p><\/li><\/ul><h3 data-path-to-node=\"7\">2. Intellectual and Industrial Property<\/h3><p data-path-to-node=\"8\" class=\"translation-block\">All website contents, including but not limited to: <b data-path-to-node=\"8\" data-index-in-node=\"99\">videos, reels, photographs<\/b>, graphic designs, source code, logos, texts, graphics, illustrations, and other elements appearing on the website, are the exclusive property of <b data-path-to-node=\"8\" data-index-in-node=\"274\">Miki Dur\u00e0<\/b> or of third parties who have authorized their inclusion on the website.<\/p><p data-path-to-node=\"9\" class=\"translation-block\">All Intellectual and Industrial Property rights are strictly reserved. By virtue of the provisions of Articles 8 and 32.1, second paragraph, of the Intellectual Property Law, <b data-path-to-node=\"9\" data-index-in-node=\"195\">the reproduction, distribution, public communication is expressly prohibited<\/b> (including the mode of making available) and transformation, of all or part of the contents of this website, for commercial or professional purposes, on any support and by any technical means, without the prior, express and written authorization of Miki Dur\u00e0.<\/p><p data-path-to-node=\"10\" class=\"translation-block\">The user commits to respecting the Intellectual and Industrial Property rights owned by Miki Dur\u00e0. The user may visualize the elements of the portal and even print, copy, and store them on the hard drive of their computer or on any other physical medium as long as it is, solely and exclusively, for their <b data-path-to-node=\"10\" data-index-in-node=\"325\">personal and private use<\/b>. The user must refrain from deleting, altering, evading, or manipulating any protection device or security system that was installed on the pages of this website.<\/p><h3 data-path-to-node=\"11\">3. Conditions of Use of the Portal<\/h3><p data-path-to-node=\"12\">Access and\/or use of this portal by Miki Dur\u00e0 attributes the condition of USER, who accepts, from said access and\/or use, these General Conditions of Use.<\/p><p data-path-to-node=\"13\">The USER assumes responsibility for the use of the portal. This responsibility extends to the appropriate use of the contents (such as the portfolio videos) that Miki Dur\u00e0 offers through his website, committing not to use them to engage in illicit activities, illegal activities, or activities contrary to good faith and public order.<\/p><h3 data-path-to-node=\"14\">4. Exclusion of Guarantees and Liability<\/h3><p data-path-to-node=\"15\">Miki Dur\u00e0 is not responsible, in any case, for damages of any nature that could be caused by, but not limited to: errors or omissions in the contents, lack of availability of the portal, or the transmission of viruses or malicious or harmful programs in the contents, despite having adopted all necessary technological measures to prevent it.<\/p><h3 data-path-to-node=\"16\">5. Links<\/h3><p data-path-to-node=\"17\" class=\"translation-block\">In the event that links or hyperlinks to other Internet sites (for example, links to social media profiles or video platforms) are available on <a class=\"ng-star-inserted\" href=\"https:\/\/mikidura.com\/en\/\" target=\"_blank\" rel=\"noopener\" data-hveid=\"0\" data-ved=\"0CAAQ_4QMahgKEwjN8aeBi5eSAxUAAAAAHQAAAAAQ4wU\">https:\/\/mikidura.com<\/a>, Miki Dur\u00e0 will not exercise any type of control over said sites and contents. In no case will Miki Dur\u00e0 assume any responsibility for the contents of any link belonging to a third-party website.<\/p><h3 data-path-to-node=\"18\">6. Modifications<\/h3><p data-path-to-node=\"19\">Miki Dur\u00e0 reserves the right to make modifications deemed appropriate to his portal without prior notice, being able to change, delete, or add both the contents and services provided through it and the way in which they are presented or located on his portal.<\/p><h3 data-path-to-node=\"20\">7. Applicable Legislation and Jurisdiction<\/h3><p data-path-to-node=\"21\">The relationship between Miki Dur\u00e0 and the USER will be governed by current Spanish regulations. For the resolution of any controversy, the parties submit to the Courts and Tribunals of the city of Alzira (or Valencia), unless the law provides otherwise.<\/p>\t\t\t\t\t\t\t\t<\/div>\n\t\t\t\t<\/div>\n\t\t\t\t\t<\/div>\n\t\t\t\t<\/div>\n\t\t\t\t<\/div>","protected":false},"excerpt":{"rendered":"<p>AVISO LEGAL Y CONDICIONES DE USO 1. Datos Identificativos En cumplimiento con el deber de informaci\u00f3n recogido en el art\u00edculo 10 de la Ley 34\/2002, de 11 de julio, de Servicios de la Sociedad de la Informaci\u00f3n y del Comercio Electr\u00f3nico (LSSI-CE), se reflejan a continuaci\u00f3n los datos del titular del sitio web: Titular: Miki [&hellip;]<\/p>","protected":false},"author":1,"featured_media":0,"parent":0,"menu_order":0,"comment_status":"closed","ping_status":"closed","template":"elementor_header_footer","meta":{"footnotes":""},"folder":[],"class_list":["post-6096","page","type-page","status-publish","hentry"],"_links":{"self":[{"href":"https:\/\/mikidura.com\/en\/wp-json\/wp\/v2\/pages\/6096","targetHints":{"allow":["GET"]}}],"collection":[{"href":"https:\/\/mikidura.com\/en\/wp-json\/wp\/v2\/pages"}],"about":[{"href":"https:\/\/mikidura.com\/en\/wp-json\/wp\/v2\/types\/page"}],"author":[{"embeddable":true,"href":"https:\/\/mikidura.com\/en\/wp-json\/wp\/v2\/users\/1"}],"replies":[{"embeddable":true,"href":"https:\/\/mikidura.com\/en\/wp-json\/wp\/v2\/comments?post=6096"}],"version-history":[{"count":10,"href":"https:\/\/mikidura.com\/en\/wp-json\/wp\/v2\/pages\/6096\/revisions"}],"predecessor-version":[{"id":6223,"href":"https:\/\/mikidura.com\/en\/wp-json\/wp\/v2\/pages\/6096\/revisions\/6223"}],"wp:attachment":[{"href":"https:\/\/mikidura.com\/en\/wp-json\/wp\/v2\/media?parent=6096"}],"wp:term":[{"taxonomy":"folder","embeddable":true,"href":"https:\/\/mikidura.com\/en\/wp-json\/wp\/v2\/folder?post=6096"}],"curies":[{"name":"wp","href":"https:\/\/api.w.org\/{rel}","templated":true}]}}