{"id":5013,"date":"2025-12-20T16:38:38","date_gmt":"2025-12-20T16:38:38","guid":{"rendered":"https:\/\/mikidura.com\/?page_id=5013"},"modified":"2026-01-22T09:09:48","modified_gmt":"2026-01-22T09:09:48","slug":"bio","status":"publish","type":"page","link":"https:\/\/mikidura.com\/en\/bio\/","title":{"rendered":"Bio"},"content":{"rendered":"<div data-elementor-type=\"wp-page\" data-elementor-id=\"5013\" class=\"elementor elementor-5013\" data-elementor-settings=\"{&quot;ha_cmc_init_switcher&quot;:&quot;no&quot;}\" data-elementor-post-type=\"page\">\n\t\t\t\t<div class=\"elementor-element elementor-element-8c4142b e-flex e-con-boxed e-con e-parent\" data-id=\"8c4142b\" data-element_type=\"container\" data-settings=\"{&quot;background_background&quot;:&quot;classic&quot;,&quot;_ha_eqh_enable&quot;:false}\">\n\t\t\t\t\t<div class=\"e-con-inner\">\n\t\t\t\t<div class=\"elementor-element elementor-element-e041fc2 elementor-widget elementor-widget-heading\" data-id=\"e041fc2\" data-element_type=\"widget\" data-widget_type=\"heading.default\">\n\t\t\t\t<div class=\"elementor-widget-container\">\n\t\t\t\t\t<h2 class=\"elementor-heading-title elementor-size-default\">Behind the Camera<\/h2>\t\t\t\t<\/div>\n\t\t\t\t<\/div>\n\t\t\t\t\t<\/div>\n\t\t\t\t<\/div>\n\t\t<div class=\"elementor-element elementor-element-95eed63 e-flex e-con-boxed e-con e-parent\" data-id=\"95eed63\" data-element_type=\"container\" data-settings=\"{&quot;_ha_eqh_enable&quot;:false}\">\n\t\t\t\t\t<div class=\"e-con-inner\">\n\t\t<div class=\"elementor-element elementor-element-9bb933d e-con-full e-flex e-con e-child\" data-id=\"9bb933d\" data-element_type=\"container\" data-settings=\"{&quot;background_background&quot;:&quot;classic&quot;,&quot;_ha_eqh_enable&quot;:false}\">\n\t\t\t\t<div class=\"elementor-element elementor-element-25b17bb elementor-widget elementor-widget-text-editor\" data-id=\"25b17bb\" data-element_type=\"widget\" data-widget_type=\"text-editor.default\">\n\t\t\t\t<div class=\"elementor-widget-container\">\n\t\t\t\t\t\t\t\t\t<p>Hi, I'm Miki. It took me a while to launch my own brand and chase my goals, too... so I understand if you have doubts about where to begin. But thinking isn't doing. The only way to start is to simply start. And that is where I come in.<\/p>\t\t\t\t\t\t\t\t<\/div>\n\t\t\t\t<\/div>\n\t\t\t\t<div class=\"elementor-element elementor-element-e0d55e6 elementor-widget elementor-widget-video\" data-id=\"e0d55e6\" data-element_type=\"widget\" data-settings=\"{&quot;video_type&quot;:&quot;hosted&quot;,&quot;show_image_overlay&quot;:&quot;yes&quot;,&quot;image_overlay&quot;:{&quot;url&quot;:&quot;https:\\\/\\\/mikidura.com\\\/wp-content\\\/uploads\\\/2026\\\/01\\\/poster_reelaso-e1768572875397.png&quot;,&quot;id&quot;:5955,&quot;size&quot;:&quot;&quot;,&quot;alt&quot;:&quot;&quot;,&quot;source&quot;:&quot;library&quot;},&quot;lightbox&quot;:&quot;yes&quot;,&quot;lightbox_content_animation&quot;:&quot;fadeIn&quot;,&quot;controls&quot;:&quot;yes&quot;}\" data-widget_type=\"video.default\">\n\t\t\t\t<div class=\"elementor-widget-container\">\n\t\t\t\t\t\t\t<div class=\"e-hosted-video elementor-wrapper elementor-open-lightbox\">\n\t\t\t\t\t\t\t<div class=\"elementor-custom-embed-image-overlay\" data-elementor-open-lightbox=\"yes\" data-elementor-lightbox=\"{&quot;type&quot;:&quot;video&quot;,&quot;videoType&quot;:&quot;hosted&quot;,&quot;url&quot;:&quot;https:\\\/\\\/mikidura.com\\\/wp-content\\\/uploads\\\/2026\\\/01\\\/REELASO.mp4&quot;,&quot;autoplay&quot;:&quot;&quot;,&quot;modalOptions&quot;:{&quot;id&quot;:&quot;elementor-lightbox-e0d55e6&quot;,&quot;entranceAnimation&quot;:&quot;fadeIn&quot;,&quot;entranceAnimation_tablet&quot;:&quot;&quot;,&quot;entranceAnimation_mobile&quot;:&quot;&quot;,&quot;videoAspectRatio&quot;:&quot;169&quot;},&quot;videoParams&quot;:{&quot;controls&quot;:&quot;&quot;,&quot;preload&quot;:&quot;metadata&quot;,&quot;controlsList&quot;:&quot;nodownload&quot;,&quot;poster&quot;:&quot;https:\\\/\\\/mikidura.com\\\/wp-content\\\/uploads\\\/2026\\\/01\\\/poster_reelaso.png&quot;}}\" data-e-action-hash=\"#elementor-action%3Aaction%3Dlightbox%26settings%3DeyJ0eXBlIjoidmlkZW8iLCJ2aWRlb1R5cGUiOiJob3N0ZWQiLCJ1cmwiOiJodHRwczpcL1wvbWlraWR1cmEuY29tXC93cC1jb250ZW50XC91cGxvYWRzXC8yMDI2XC8wMVwvUkVFTEFTTy5tcDQiLCJhdXRvcGxheSI6IiIsIm1vZGFsT3B0aW9ucyI6eyJpZCI6ImVsZW1lbnRvci1saWdodGJveC1lMGQ1NWU2IiwiZW50cmFuY2VBbmltYXRpb24iOiJmYWRlSW4iLCJlbnRyYW5jZUFuaW1hdGlvbl90YWJsZXQiOiIiLCJlbnRyYW5jZUFuaW1hdGlvbl9tb2JpbGUiOiIiLCJ2aWRlb0FzcGVjdFJhdGlvIjoiMTY5In0sInZpZGVvUGFyYW1zIjp7ImNvbnRyb2xzIjoiIiwicHJlbG9hZCI6Im1ldGFkYXRhIiwiY29udHJvbHNMaXN0Ijoibm9kb3dubG9hZCIsInBvc3RlciI6Imh0dHBzOlwvXC9taWtpZHVyYS5jb21cL3dwLWNvbnRlbnRcL3VwbG9hZHNcLzIwMjZcLzAxXC9wb3N0ZXJfcmVlbGFzby5wbmcifX0%3D\">\n\t\t\t\t\t\t\t\t\t\t\t<img fetchpriority=\"high\" decoding=\"async\" width=\"2256\" height=\"1263\" src=\"https:\/\/mikidura.com\/wp-content\/uploads\/2026\/01\/poster_reelaso-e1768572875397.png\" class=\"attachment-full size-full wp-image-5955\" alt=\"\" srcset=\"https:\/\/mikidura.com\/wp-content\/uploads\/2026\/01\/poster_reelaso-e1768572875397.png 2256w, https:\/\/mikidura.com\/wp-content\/uploads\/2026\/01\/poster_reelaso-e1768572875397-300x168.png 300w, https:\/\/mikidura.com\/wp-content\/uploads\/2026\/01\/poster_reelaso-e1768572875397-1024x573.png 1024w, https:\/\/mikidura.com\/wp-content\/uploads\/2026\/01\/poster_reelaso-e1768572875397-768x430.png 768w, https:\/\/mikidura.com\/wp-content\/uploads\/2026\/01\/poster_reelaso-e1768572875397-1536x860.png 1536w, https:\/\/mikidura.com\/wp-content\/uploads\/2026\/01\/poster_reelaso-e1768572875397-2048x1147.png 2048w, https:\/\/mikidura.com\/wp-content\/uploads\/2026\/01\/poster_reelaso-e1768572875397-18x10.png 18w\" sizes=\"(max-width: 2256px) 100vw, 2256px\" \/>\t\t\t\t\t\t\t\t\t\t\t\t\t\t\t\t<div class=\"elementor-custom-embed-play\" role=\"button\" aria-label=\"Play Video\" tabindex=\"0\">\n\t\t\t\t\t\t\t<svg aria-hidden=\"true\" class=\"e-font-icon-svg e-far-play-circle\" viewbox=\"0 0 512 512\" xmlns=\"http:\/\/www.w3.org\/2000\/svg\"><path d=\"M371.7 238l-176-107c-15.8-8.8-35.7 2.5-35.7 21v208c0 18.4 19.8 29.8 35.7 21l176-101c16.4-9.1 16.4-32.8 0-42zM504 256C504 119 393 8 256 8S8 119 8 256s111 248 248 248 248-111 248-248zm-448 0c0-110.5 89.5-200 200-200s200 89.5 200 200-89.5 200-200 200S56 366.5 56 256z\"><\/path><\/svg>\t\t\t\t\t\t<\/div>\n\t\t\t\t\t\t\t\t\t<\/div>\n\t\t\t\t\t<\/div>\n\t\t\t\t\t\t<\/div>\n\t\t\t\t<\/div>\n\t\t\t\t<\/div>\n\t\t<div class=\"elementor-element elementor-element-63caaac e-con-full e-flex e-con e-child\" data-id=\"63caaac\" data-element_type=\"container\" data-settings=\"{&quot;_ha_eqh_enable&quot;:false}\">\n\t\t<div class=\"elementor-element elementor-element-690818c e-con-full e-flex e-con e-child\" data-id=\"690818c\" data-element_type=\"container\" data-settings=\"{&quot;_ha_eqh_enable&quot;:false}\">\n\t\t\t\t<div class=\"elementor-element elementor-element-13f8985 elementor-widget elementor-widget-heading\" data-id=\"13f8985\" data-element_type=\"widget\" data-widget_type=\"heading.default\">\n\t\t\t\t<div class=\"elementor-widget-container\">\n\t\t\t\t\t<h2 class=\"elementor-heading-title elementor-size-default\">Cinematic Aesthetics<\/h2>\t\t\t\t<\/div>\n\t\t\t\t<\/div>\n\t\t\t\t<div class=\"elementor-element elementor-element-a0d80a4 elementor-widget elementor-widget-text-editor\" data-id=\"a0d80a4\" data-element_type=\"widget\" data-widget_type=\"text-editor.default\">\n\t\t\t\t<div class=\"elementor-widget-container\">\n\t\t\t\t\t\t\t\t\t<p data-path-to-node=\"13,1\">Your company's image is your most valuable calling card. That's why I don't compromise on gear.<\/p><p data-path-to-node=\"13,2\" class=\"translation-block\">I work with the Sony FX30, a professional cinema line camera (approved for Netflix productions). This means your videos will have color depth, dynamic range, and a visual texture far superior to standard equipment or phones.<\/p><p data-path-to-node=\"13,3\"><b data-path-to-node=\"13,3\" data-index-in-node=\"0\">Your brand will look premium, because we shoot it that way.<\/b><\/p>\t\t\t\t\t\t\t\t<\/div>\n\t\t\t\t<\/div>\n\t\t\t\t<div class=\"elementor-element elementor-element-d1fd694 elementor-align-center elementor-widget elementor-widget-button\" data-id=\"d1fd694\" data-element_type=\"widget\" data-widget_type=\"button.default\">\n\t\t\t\t<div class=\"elementor-widget-container\">\n\t\t\t\t\t\t\t\t\t<div class=\"elementor-button-wrapper\">\n\t\t\t\t\t<a class=\"elementor-button elementor-button-link elementor-size-sm\" href=\"https:\/\/mikidura.com\/en\/proyectos\/\">\n\t\t\t\t\t\t<span class=\"elementor-button-content-wrapper\">\n\t\t\t\t\t\t\t\t\t<span class=\"elementor-button-text\">Explore all projects<\/span>\n\t\t\t\t\t<\/span>\n\t\t\t\t\t<\/a>\n\t\t\t\t<\/div>\n\t\t\t\t\t\t\t\t<\/div>\n\t\t\t\t<\/div>\n\t\t\t\t<\/div>\n\t\t<div class=\"elementor-element elementor-element-c69d962 e-con-full e-flex e-con e-child\" data-id=\"c69d962\" data-element_type=\"container\" data-settings=\"{&quot;_ha_eqh_enable&quot;:false}\">\n\t\t\t\t<div class=\"elementor-element elementor-element-ad8f1c0 elementor-widget elementor-widget-video\" data-id=\"ad8f1c0\" data-element_type=\"widget\" data-settings=\"{&quot;video_type&quot;:&quot;hosted&quot;,&quot;autoplay&quot;:&quot;yes&quot;,&quot;mute&quot;:&quot;yes&quot;,&quot;loop&quot;:&quot;yes&quot;,&quot;play_on_mobile&quot;:&quot;yes&quot;}\" data-widget_type=\"video.default\">\n\t\t\t\t<div class=\"elementor-widget-container\">\n\t\t\t\t\t\t\t<div class=\"e-hosted-video elementor-wrapper elementor-open-inline\">\n\t\t\t\t\t<video class=\"elementor-video\" src=\"https:\/\/mikidura.com\/wp-content\/uploads\/2026\/01\/CLIENTS.mp4\" autoplay=\"\" loop=\"\" muted=\"muted\" playsinline=\"\" controlslist=\"nodownload\" poster=\"https:\/\/mikidura.com\/wp-content\/uploads\/2026\/01\/poster-clients.png\"><\/video>\n\t\t\t\t<\/div>\n\t\t\t\t\t\t<\/div>\n\t\t\t\t<\/div>\n\t\t\t\t<\/div>\n\t\t\t\t<\/div>\n\t\t\t\t\t<\/div>\n\t\t\t\t<\/div>\n\t\t\t\t<\/div>","protected":false},"excerpt":{"rendered":"<p>Detr\u00e1s de las c\u00e1maras Hola. Soy Miki. Yo tambi\u00e9n tard\u00e9 en emprender mi marca, iniciar mis proyectos, cumplir mis objetivos&#8230; y puede que tengas dudas sobre c\u00f3mo empezar, pero pensando no se act\u00faa. La mejor manera de hacerlo es empezando. Y ah\u00ed es donde entro yo. https:\/\/mikidura.com\/wp-content\/uploads\/2026\/01\/REELASO.mp4 Est\u00e9tica de Cine La imagen de tu empresa [&hellip;]<\/p>","protected":false},"author":1,"featured_media":0,"parent":0,"menu_order":0,"comment_status":"closed","ping_status":"closed","template":"elementor_header_footer","meta":{"footnotes":""},"folder":[],"class_list":["post-5013","page","type-page","status-publish","hentry"],"_links":{"self":[{"href":"https:\/\/mikidura.com\/en\/wp-json\/wp\/v2\/pages\/5013","targetHints":{"allow":["GET"]}}],"collection":[{"href":"https:\/\/mikidura.com\/en\/wp-json\/wp\/v2\/pages"}],"about":[{"href":"https:\/\/mikidura.com\/en\/wp-json\/wp\/v2\/types\/page"}],"author":[{"embeddable":true,"href":"https:\/\/mikidura.com\/en\/wp-json\/wp\/v2\/users\/1"}],"replies":[{"embeddable":true,"href":"https:\/\/mikidura.com\/en\/wp-json\/wp\/v2\/comments?post=5013"}],"version-history":[{"count":170,"href":"https:\/\/mikidura.com\/en\/wp-json\/wp\/v2\/pages\/5013\/revisions"}],"predecessor-version":[{"id":6205,"href":"https:\/\/mikidura.com\/en\/wp-json\/wp\/v2\/pages\/5013\/revisions\/6205"}],"wp:attachment":[{"href":"https:\/\/mikidura.com\/en\/wp-json\/wp\/v2\/media?parent=5013"}],"wp:term":[{"taxonomy":"folder","embeddable":true,"href":"https:\/\/mikidura.com\/en\/wp-json\/wp\/v2\/folder?post=5013"}],"curies":[{"name":"wp","href":"https:\/\/api.w.org\/{rel}","templated":true}]}}